{"id":210,"date":"2025-02-01T12:22:16","date_gmt":"2025-02-01T12:22:16","guid":{"rendered":"https:\/\/hipnors.pt\/?page_id=210"},"modified":"2025-03-11T12:26:40","modified_gmt":"2025-03-11T12:26:40","slug":"contact-form-7-id651b6ec-titlecontacto-hipnors","status":"publish","type":"page","link":"https:\/\/www.hipnors.pt\/?page_id=210","title":{"rendered":"Localiza\u00e7\u00e3o"},"content":{"rendered":"\nMorada de Leiria:\n<P>R. Dr. Jos\u00e9 Gon\u00e7alves N\u00ba 15 Escrit\u00f3rio 3, 2410-273 Leiria &#8211; Edif\u00edcio Arcadas<\/P>\n<div style=\"text-align: center;\">\n<iframe src=\"https:\/\/www.google.com\/maps\/embed?pb=!1m18!1m12!1m3!1d10658.02131675118!2d-8.824678862261615!3d39.74018453928283!2m3!1f0!2f0!3f0!3m2!1i1024!2i768!4f13.1!3m3!1m2!1s0xd22736f741fb939%3A0x22dade8ded51c39a!2sR.%20Dr.%20Jos%C3%A9%20Gon%C3%A7alves%2015%2C%202410-273%20Leiria!5e1!3m2!1spt-PT!2spt!4v1738758506727!5m2!1spt-PT!2spt\" width=\"600\" height=\"450\" style=\"border:0;\" allowfullscreen=\"\" loading=\"lazy\" referrerpolicy=\"no-referrer-when-downgrade\"><\/iframe>\n\n<\/div>\n\n\n\n<hr class=\"wp-block-separator has-alpha-channel-opacity\"\/>\n\n\n\n\nMorada de F\u00e1tima:\n<P>R. 13 de Maio N\u00ba 35D, 2495-448 F\u00e1tima &#8211; Edif\u00edcio\u00a0Fonte\u00a0Nova<\/P>\n<div style=\"text-align: center;\">\n<iframe src=\"https:\/\/www.google.com\/maps\/embed?pb=!1m18!1m12!1m3!1d2668.802480368862!2d-8.669920124724994!3d39.6289131032126!2m3!1f0!2f0!3f0!3m2!1i1024!2i768!4f13.1!3m3!1m2!1s0xd189d31a47c5265%3A0xab3658af6c638fec!2sR.%2013%20de%20Maio%2035D%2C%202495-448%20F%C3%A1tima!5e1!3m2!1spt-PT!2spt!4v1741694146157!5m2!1spt-PT!2spt\" width=\"600\" height=\"450\" style=\"border:0;\" allowfullscreen=\"\" loading=\"lazy\" referrerpolicy=\"no-referrer-when-downgrade\"><\/iframe>\n<\/div>\n","protected":false},"excerpt":{"rendered":"<p>Morada de Leiria: R. Dr. Jos\u00e9 Gon\u00e7alves N\u00ba 15 Escrit\u00f3rio 3, 2410-273 Leiria &#8211; Edif\u00edcio Arcadas Morada de F\u00e1tima: R. 13 de Maio N\u00ba 35D, 2495-448 F\u00e1tima &#8211; Edif\u00edcio\u00a0Fonte\u00a0Nova<\/p>\n","protected":false},"author":1,"featured_media":0,"parent":0,"menu_order":0,"comment_status":"closed","ping_status":"closed","template":"","meta":{"footnotes":""},"class_list":["post-210","page","type-page","status-publish","hentry"],"yoast_head":"<!-- This site is optimized with the Yoast SEO plugin v27.1.1 - https:\/\/yoast.com\/product\/yoast-seo-wordpress\/ -->\n<title>Localiza\u00e7\u00e3o - HipnoRS Vida<\/title>\n<meta name=\"robots\" content=\"index, follow, max-snippet:-1, max-image-preview:large, max-video-preview:-1\" \/>\n<link rel=\"canonical\" href=\"https:\/\/www.hipnors.pt\/?page_id=210\" \/>\n<meta property=\"og:locale\" content=\"pt_PT\" \/>\n<meta property=\"og:type\" content=\"article\" \/>\n<meta property=\"og:title\" content=\"Localiza\u00e7\u00e3o - HipnoRS Vida\" \/>\n<meta property=\"og:description\" content=\"Morada de Leiria: R. Dr. Jos\u00e9 Gon\u00e7alves N\u00ba 15 Escrit\u00f3rio 3, 2410-273 Leiria &#8211; Edif\u00edcio Arcadas Morada de F\u00e1tima: R. 13 de Maio N\u00ba 35D, 2495-448 F\u00e1tima &#8211; Edif\u00edcio\u00a0Fonte\u00a0Nova\" \/>\n<meta property=\"og:url\" content=\"https:\/\/www.hipnors.pt\/?page_id=210\" \/>\n<meta property=\"og:site_name\" content=\"HipnoRS Vida\" \/>\n<meta property=\"article:publisher\" content=\"https:\/\/www.facebook.com\/hipnors\/\" \/>\n<meta property=\"article:modified_time\" content=\"2025-03-11T12:26:40+00:00\" \/>\n<meta name=\"twitter:card\" content=\"summary_large_image\" \/>\n<meta name=\"twitter:label1\" content=\"Tempo estimado de leitura\" \/>\n\t<meta name=\"twitter:data1\" content=\"1 minuto\" \/>\n<script type=\"application\/ld+json\" class=\"yoast-schema-graph\">{\"@context\":\"https:\/\/schema.org\",\"@graph\":[{\"@type\":\"WebPage\",\"@id\":\"https:\/\/www.hipnors.pt\/?page_id=210\",\"url\":\"https:\/\/www.hipnors.pt\/?page_id=210\",\"name\":\"Localiza\u00e7\u00e3o - HipnoRS Vida\",\"isPartOf\":{\"@id\":\"https:\/\/www.hipnors.pt\/#website\"},\"datePublished\":\"2025-02-01T12:22:16+00:00\",\"dateModified\":\"2025-03-11T12:26:40+00:00\",\"breadcrumb\":{\"@id\":\"https:\/\/www.hipnors.pt\/?page_id=210#breadcrumb\"},\"inLanguage\":\"pt-PT\",\"potentialAction\":[{\"@type\":\"ReadAction\",\"target\":[\"https:\/\/www.hipnors.pt\/?page_id=210\"]}]},{\"@type\":\"BreadcrumbList\",\"@id\":\"https:\/\/www.hipnors.pt\/?page_id=210#breadcrumb\",\"itemListElement\":[{\"@type\":\"ListItem\",\"position\":1,\"name\":\"In\u00edcio\",\"item\":\"https:\/\/www.hipnors.pt\/\"},{\"@type\":\"ListItem\",\"position\":2,\"name\":\"Localiza\u00e7\u00e3o\"}]},{\"@type\":\"WebSite\",\"@id\":\"https:\/\/www.hipnors.pt\/#website\",\"url\":\"https:\/\/www.hipnors.pt\/\",\"name\":\"HipnoRS\",\"description\":\"O Melhor de SI\",\"publisher\":{\"@id\":\"https:\/\/www.hipnors.pt\/#organization\"},\"potentialAction\":[{\"@type\":\"SearchAction\",\"target\":{\"@type\":\"EntryPoint\",\"urlTemplate\":\"https:\/\/www.hipnors.pt\/?s={search_term_string}\"},\"query-input\":{\"@type\":\"PropertyValueSpecification\",\"valueRequired\":true,\"valueName\":\"search_term_string\"}}],\"inLanguage\":\"pt-PT\"},{\"@type\":\"Organization\",\"@id\":\"https:\/\/www.hipnors.pt\/#organization\",\"name\":\"HipnoRS\",\"url\":\"https:\/\/www.hipnors.pt\/\",\"logo\":{\"@type\":\"ImageObject\",\"inLanguage\":\"pt-PT\",\"@id\":\"https:\/\/www.hipnors.pt\/#\/schema\/logo\/image\/\",\"url\":\"https:\/\/hipnors.pt\/wp-content\/uploads\/2024\/10\/HipnoRS-REAVS.webp\",\"contentUrl\":\"https:\/\/hipnors.pt\/wp-content\/uploads\/2024\/10\/HipnoRS-REAVS.webp\",\"width\":1276,\"height\":630,\"caption\":\"HipnoRS\"},\"image\":{\"@id\":\"https:\/\/www.hipnors.pt\/#\/schema\/logo\/image\/\"},\"sameAs\":[\"https:\/\/www.facebook.com\/hipnors\/\",\"https:\/\/www.instagram.com\/hipnors\"]}]}<\/script>\n<!-- \/ Yoast SEO plugin. -->","yoast_head_json":{"title":"Localiza\u00e7\u00e3o - HipnoRS Vida","robots":{"index":"index","follow":"follow","max-snippet":"max-snippet:-1","max-image-preview":"max-image-preview:large","max-video-preview":"max-video-preview:-1"},"canonical":"https:\/\/www.hipnors.pt\/?page_id=210","og_locale":"pt_PT","og_type":"article","og_title":"Localiza\u00e7\u00e3o - HipnoRS Vida","og_description":"Morada de Leiria: R. Dr. Jos\u00e9 Gon\u00e7alves N\u00ba 15 Escrit\u00f3rio 3, 2410-273 Leiria &#8211; Edif\u00edcio Arcadas Morada de F\u00e1tima: R. 13 de Maio N\u00ba 35D, 2495-448 F\u00e1tima &#8211; Edif\u00edcio\u00a0Fonte\u00a0Nova","og_url":"https:\/\/www.hipnors.pt\/?page_id=210","og_site_name":"HipnoRS Vida","article_publisher":"https:\/\/www.facebook.com\/hipnors\/","article_modified_time":"2025-03-11T12:26:40+00:00","twitter_card":"summary_large_image","twitter_misc":{"Tempo estimado de leitura":"1 minuto"},"schema":{"@context":"https:\/\/schema.org","@graph":[{"@type":"WebPage","@id":"https:\/\/www.hipnors.pt\/?page_id=210","url":"https:\/\/www.hipnors.pt\/?page_id=210","name":"Localiza\u00e7\u00e3o - HipnoRS Vida","isPartOf":{"@id":"https:\/\/www.hipnors.pt\/#website"},"datePublished":"2025-02-01T12:22:16+00:00","dateModified":"2025-03-11T12:26:40+00:00","breadcrumb":{"@id":"https:\/\/www.hipnors.pt\/?page_id=210#breadcrumb"},"inLanguage":"pt-PT","potentialAction":[{"@type":"ReadAction","target":["https:\/\/www.hipnors.pt\/?page_id=210"]}]},{"@type":"BreadcrumbList","@id":"https:\/\/www.hipnors.pt\/?page_id=210#breadcrumb","itemListElement":[{"@type":"ListItem","position":1,"name":"In\u00edcio","item":"https:\/\/www.hipnors.pt\/"},{"@type":"ListItem","position":2,"name":"Localiza\u00e7\u00e3o"}]},{"@type":"WebSite","@id":"https:\/\/www.hipnors.pt\/#website","url":"https:\/\/www.hipnors.pt\/","name":"HipnoRS","description":"O Melhor de SI","publisher":{"@id":"https:\/\/www.hipnors.pt\/#organization"},"potentialAction":[{"@type":"SearchAction","target":{"@type":"EntryPoint","urlTemplate":"https:\/\/www.hipnors.pt\/?s={search_term_string}"},"query-input":{"@type":"PropertyValueSpecification","valueRequired":true,"valueName":"search_term_string"}}],"inLanguage":"pt-PT"},{"@type":"Organization","@id":"https:\/\/www.hipnors.pt\/#organization","name":"HipnoRS","url":"https:\/\/www.hipnors.pt\/","logo":{"@type":"ImageObject","inLanguage":"pt-PT","@id":"https:\/\/www.hipnors.pt\/#\/schema\/logo\/image\/","url":"https:\/\/hipnors.pt\/wp-content\/uploads\/2024\/10\/HipnoRS-REAVS.webp","contentUrl":"https:\/\/hipnors.pt\/wp-content\/uploads\/2024\/10\/HipnoRS-REAVS.webp","width":1276,"height":630,"caption":"HipnoRS"},"image":{"@id":"https:\/\/www.hipnors.pt\/#\/schema\/logo\/image\/"},"sameAs":["https:\/\/www.facebook.com\/hipnors\/","https:\/\/www.instagram.com\/hipnors"]}]}},"_links":{"self":[{"href":"https:\/\/www.hipnors.pt\/index.php?rest_route=\/wp\/v2\/pages\/210","targetHints":{"allow":["GET"]}}],"collection":[{"href":"https:\/\/www.hipnors.pt\/index.php?rest_route=\/wp\/v2\/pages"}],"about":[{"href":"https:\/\/www.hipnors.pt\/index.php?rest_route=\/wp\/v2\/types\/page"}],"author":[{"embeddable":true,"href":"https:\/\/www.hipnors.pt\/index.php?rest_route=\/wp\/v2\/users\/1"}],"replies":[{"embeddable":true,"href":"https:\/\/www.hipnors.pt\/index.php?rest_route=%2Fwp%2Fv2%2Fcomments&post=210"}],"version-history":[{"count":34,"href":"https:\/\/www.hipnors.pt\/index.php?rest_route=\/wp\/v2\/pages\/210\/revisions"}],"predecessor-version":[{"id":398,"href":"https:\/\/www.hipnors.pt\/index.php?rest_route=\/wp\/v2\/pages\/210\/revisions\/398"}],"wp:attachment":[{"href":"https:\/\/www.hipnors.pt\/index.php?rest_route=%2Fwp%2Fv2%2Fmedia&parent=210"}],"curies":[{"name":"wp","href":"https:\/\/api.w.org\/{rel}","templated":true}]}}